{"id":23,"date":"2017-08-23T13:19:40","date_gmt":"2017-08-23T13:19:40","guid":{"rendered":"http:\/\/firstclassforkliftacademy.com\/commercial\/"},"modified":"2023-08-25T13:17:49","modified_gmt":"2023-08-25T13:17:49","slug":"intoxalock","status":"publish","type":"page","link":"https:\/\/firstclassforkliftacademy.com\/es\/intoxalock\/","title":{"rendered":"Intoxalock"},"content":{"rendered":"<div data-elementor-type=\"wp-post\" data-elementor-id=\"23\" class=\"elementor elementor-23\">\n\t\t\t\t\t\t<section class=\"elementor-section elementor-top-section elementor-element elementor-element-3906703 elementor-section-height-min-height elementor-section-boxed elementor-section-height-default elementor-section-items-middle\" data-id=\"3906703\" data-element_type=\"section\" data-e-type=\"section\" data-settings=\"{&quot;background_background&quot;:&quot;classic&quot;}\">\n\t\t\t\t\t\t\t<div class=\"elementor-background-overlay\"><\/div>\n\t\t\t\t\t\t\t<div class=\"elementor-container elementor-column-gap-default\">\n\t\t\t\t\t<div class=\"elementor-column elementor-col-100 elementor-top-column elementor-element elementor-element-9a08ab1\" data-id=\"9a08ab1\" data-element_type=\"column\" data-e-type=\"column\">\n\t\t\t<div class=\"elementor-widget-wrap\">\n\t\t\t\t\t\t\t<\/div>\n\t\t<\/div>\n\t\t\t\t\t<\/div>\n\t\t<\/section>\n\t\t\t\t<section class=\"elementor-section elementor-top-section elementor-element elementor-element-cbce086 elementor-section-content-middle elementor-section-boxed elementor-section-height-default elementor-section-height-default\" data-id=\"cbce086\" data-element_type=\"section\" data-e-type=\"section\" data-settings=\"{&quot;background_background&quot;:&quot;gradient&quot;}\">\n\t\t\t\t\t\t\t<div class=\"elementor-background-overlay\"><\/div>\n\t\t\t\t\t\t\t<div class=\"elementor-container elementor-column-gap-default\">\n\t\t\t\t\t<div class=\"elementor-column elementor-col-100 elementor-top-column elementor-element elementor-element-ae1444a\" data-id=\"ae1444a\" data-element_type=\"column\" data-e-type=\"column\" data-settings=\"{&quot;background_background&quot;:&quot;classic&quot;}\">\n\t\t\t<div class=\"elementor-widget-wrap elementor-element-populated\">\n\t\t\t\t\t\t<div class=\"elementor-element elementor-element-4fbefb3 elementor-position-top elementor-invisible elementor-widget elementor-widget-image-box\" data-id=\"4fbefb3\" data-element_type=\"widget\" data-e-type=\"widget\" data-settings=\"{&quot;_animation&quot;:&quot;zoomIn&quot;}\" data-widget_type=\"image-box.default\">\n\t\t\t\t<div class=\"elementor-widget-container\">\n\t\t\t\t\t<div class=\"elementor-image-box-wrapper\"><figure class=\"elementor-image-box-img\"><img decoding=\"async\" src=\"https:\/\/firstclassforkliftacademy.com\/wp-content\/uploads\/2020\/09\/Ignition-Interlock-1.png\" title=\"Ignition Interlock\" alt=\"Ignition Interlock\" loading=\"lazy\" \/><\/figure><div class=\"elementor-image-box-content\"><h5 class=\"elementor-image-box-title\">SOMOS UN PROVEEDOR DE SERVICIOS CERTIFICADO POR EL ESTADO PARA EL BLOQUEO DE ENCENDIDO <\/h5><p class=\"elementor-image-box-description\">No deje que el DUI \/ DWI le quite la libertad de conducir un veh\u00edculo de motor.<\/p><\/div><\/div>\t\t\t\t<\/div>\n\t\t\t\t<\/div>\n\t\t\t\t\t<\/div>\n\t\t<\/div>\n\t\t\t\t\t<\/div>\n\t\t<\/section>\n\t\t\t\t<section class=\"elementor-section elementor-top-section elementor-element elementor-element-d1818ca elementor-section-boxed elementor-section-height-default elementor-section-height-default\" data-id=\"d1818ca\" data-element_type=\"section\" data-e-type=\"section\" data-settings=\"{&quot;background_background&quot;:&quot;classic&quot;}\">\n\t\t\t\t\t\t<div class=\"elementor-container elementor-column-gap-no\">\n\t\t\t\t\t<div class=\"elementor-column elementor-col-100 elementor-top-column elementor-element elementor-element-ebc122d\" data-id=\"ebc122d\" data-element_type=\"column\" data-e-type=\"column\">\n\t\t\t<div class=\"elementor-widget-wrap elementor-element-populated\">\n\t\t\t\t\t\t<div class=\"elementor-element elementor-element-0392247 elementor-invisible elementor-widget elementor-widget-image-box\" data-id=\"0392247\" data-element_type=\"widget\" data-e-type=\"widget\" data-settings=\"{&quot;_animation&quot;:&quot;zoomIn&quot;}\" data-widget_type=\"image-box.default\">\n\t\t\t\t<div class=\"elementor-widget-container\">\n\t\t\t\t\t<div class=\"elementor-image-box-wrapper\"><div class=\"elementor-image-box-content\"><h2 class=\"elementor-image-box-title\">\u00bfQU\u00c9 ES INTOXALOCK?<\/h2><p class=\"elementor-image-box-description\">Dispositivo de bloqueo de encendido (IID), alcohol\u00edmetro para coches, dispositivo de bloqueo de encendido por alcohol en el aliento (BAIID)... puede que haya o\u00eddo estos t\u00e9rminos antes, pero puede que no entienda lo que significan o no sepa cu\u00e1l es la diferencia. Todos estos t\u00e9rminos son nombres intercambiables para un alcohol\u00edmetro de mano que se instala en el sistema de encendido de un veh\u00edculo para evitar que el conductor conduzca en estado de embriaguez. Si usted ha sido acusado de conducir en estado de ebriedad, es posible que se le exija instalar uno en su coche si quiere seguir en la carretera. Somos un proveedor de servicios de bloqueo de encendido Intoxalock certificado por el Estado.<\/p><\/div><\/div>\t\t\t\t<\/div>\n\t\t\t\t<\/div>\n\t\t\t\t\t<\/div>\n\t\t<\/div>\n\t\t\t\t\t<\/div>\n\t\t<\/section>\n\t\t\t\t<section class=\"elementor-section elementor-top-section elementor-element elementor-element-094b0ab elementor-section-content-middle elementor-section-boxed elementor-section-height-default elementor-section-height-default\" data-id=\"094b0ab\" data-element_type=\"section\" data-e-type=\"section\" data-settings=\"{&quot;background_background&quot;:&quot;classic&quot;}\">\n\t\t\t\t\t\t<div class=\"elementor-container elementor-column-gap-default\">\n\t\t\t\t\t<div class=\"elementor-column elementor-col-66 elementor-top-column elementor-element elementor-element-024a6ac\" data-id=\"024a6ac\" data-element_type=\"column\" data-e-type=\"column\">\n\t\t\t<div class=\"elementor-widget-wrap elementor-element-populated\">\n\t\t\t\t\t\t<div class=\"elementor-element elementor-element-21149c5 elementor-invisible elementor-widget elementor-widget-heading\" data-id=\"21149c5\" data-element_type=\"widget\" data-e-type=\"widget\" data-settings=\"{&quot;_animation&quot;:&quot;fadeInLeft&quot;}\" data-widget_type=\"heading.default\">\n\t\t\t\t<div class=\"elementor-widget-container\">\n\t\t\t\t\t<h3 class=\"elementor-heading-title elementor-size-default\">\u00bfNECESITA UN BLOQUEO DE ENCENDIDO INTOXALOCK INSTALADO EN SU VEH\u00cdCULO? OBTENGA UN PRESUPUESTO HOY MISMO<\/h3>\t\t\t\t<\/div>\n\t\t\t\t<\/div>\n\t\t\t\t\t<\/div>\n\t\t<\/div>\n\t\t\t\t<div class=\"elementor-column elementor-col-33 elementor-top-column elementor-element elementor-element-0d605e5\" data-id=\"0d605e5\" data-element_type=\"column\" data-e-type=\"column\">\n\t\t\t<div class=\"elementor-widget-wrap elementor-element-populated\">\n\t\t\t\t\t\t<div class=\"elementor-element elementor-element-9c7a536 elementor-align-center elementor-tablet-align-center elementor-mobile-align-center elementor-widget elementor-widget-button\" data-id=\"9c7a536\" data-element_type=\"widget\" data-e-type=\"widget\" data-widget_type=\"button.default\">\n\t\t\t\t<div class=\"elementor-widget-container\">\n\t\t\t\t\t\t\t\t\t<div class=\"elementor-button-wrapper\">\n\t\t\t\t\t<a class=\"elementor-button elementor-button-link elementor-size-sm elementor-animation-float\" href=\"\/es\/contact\/\">\n\t\t\t\t\t\t<span class=\"elementor-button-content-wrapper\">\n\t\t\t\t\t\t\t\t\t<span class=\"elementor-button-text\">SOLICITAR PRESUPUESTO<\/span>\n\t\t\t\t\t<\/span>\n\t\t\t\t\t<\/a>\n\t\t\t\t<\/div>\n\t\t\t\t\t\t\t\t<\/div>\n\t\t\t\t<\/div>\n\t\t\t\t\t<\/div>\n\t\t<\/div>\n\t\t\t\t\t<\/div>\n\t\t<\/section>\n\t\t\t\t<\/div>","protected":false},"excerpt":{"rendered":"<p>WE ARE A STATE CERTIFIED SERVICE PROVIDER FOR IGNITION INTERLOCK Don&#8217;t let DUI \/ DWI take away your freedom to [&hellip;]<\/p>\n","protected":false},"author":119,"featured_media":0,"parent":0,"menu_order":0,"comment_status":"closed","ping_status":"closed","template":"","meta":{"site-sidebar-layout":"no-sidebar","site-content-layout":"page-builder","ast-site-content-layout":"default","site-content-style":"default","site-sidebar-style":"default","ast-global-header-display":"","ast-banner-title-visibility":"","ast-main-header-display":"","ast-hfb-above-header-display":"","ast-hfb-below-header-display":"","ast-hfb-mobile-header-display":"","site-post-title":"disabled","ast-breadcrumbs-content":"","ast-featured-img":"disabled","footer-sml-layout":"","ast-disable-related-posts":"","theme-transparent-header-meta":"default","adv-header-id-meta":"","stick-header-meta":"","header-above-stick-meta":"","header-main-stick-meta":"","header-below-stick-meta":"","astra-migrate-meta-layouts":"default","ast-page-background-enabled":"default","ast-page-background-meta":{"desktop":{"background-color":"","background-image":"","background-repeat":"repeat","background-position":"center center","background-size":"auto","background-attachment":"scroll","background-type":"","background-media":"","overlay-type":"","overlay-color":"","overlay-opacity":"","overlay-gradient":""},"tablet":{"background-color":"","background-image":"","background-repeat":"repeat","background-position":"center center","background-size":"auto","background-attachment":"scroll","background-type":"","background-media":"","overlay-type":"","overlay-color":"","overlay-opacity":"","overlay-gradient":""},"mobile":{"background-color":"","background-image":"","background-repeat":"repeat","background-position":"center center","background-size":"auto","background-attachment":"scroll","background-type":"","background-media":"","overlay-type":"","overlay-color":"","overlay-opacity":"","overlay-gradient":""}},"ast-content-background-meta":{"desktop":{"background-color":"var(--ast-global-color-5)","background-image":"","background-repeat":"repeat","background-position":"center center","background-size":"auto","background-attachment":"scroll","background-type":"","background-media":"","overlay-type":"","overlay-color":"","overlay-opacity":"","overlay-gradient":""},"tablet":{"background-color":"var(--ast-global-color-5)","background-image":"","background-repeat":"repeat","background-position":"center center","background-size":"auto","background-attachment":"scroll","background-type":"","background-media":"","overlay-type":"","overlay-color":"","overlay-opacity":"","overlay-gradient":""},"mobile":{"background-color":"var(--ast-global-color-5)","background-image":"","background-repeat":"repeat","background-position":"center center","background-size":"auto","background-attachment":"scroll","background-type":"","background-media":"","overlay-type":"","overlay-color":"","overlay-opacity":"","overlay-gradient":""}},"footnotes":""},"class_list":["post-23","page","type-page","status-publish","hentry"],"yoast_head":"<!-- This site is optimized with the Yoast SEO plugin v27.4 - https:\/\/yoast.com\/product\/yoast-seo-wordpress\/ -->\n<title>Intoxalock - firstclassforkliftacademy<\/title>\n<meta name=\"robots\" content=\"index, follow, max-snippet:-1, max-image-preview:large, max-video-preview:-1\" \/>\n<link rel=\"canonical\" href=\"https:\/\/firstclassforkliftacademy.com\/es\/intoxalock\/\" \/>\n<meta property=\"og:locale\" content=\"es_ES\" \/>\n<meta property=\"og:type\" content=\"article\" \/>\n<meta property=\"og:title\" content=\"Intoxalock - firstclassforkliftacademy\" \/>\n<meta property=\"og:description\" content=\"WE ARE A STATE CERTIFIED SERVICE PROVIDER FOR IGNITION INTERLOCK Don&#8217;t let DUI \/ DWI take away your freedom to [&hellip;]\" \/>\n<meta property=\"og:url\" content=\"https:\/\/firstclassforkliftacademy.com\/es\/intoxalock\/\" \/>\n<meta property=\"og:site_name\" content=\"firstclassforkliftacademy\" \/>\n<meta property=\"article:modified_time\" content=\"2023-08-25T13:17:49+00:00\" \/>\n<meta property=\"og:image\" content=\"https:\/\/firstclassforkliftacademy.com\/wp-content\/uploads\/2020\/09\/Ignition-Interlock-1.png\" \/>\n<meta name=\"twitter:card\" content=\"summary_large_image\" \/>\n<meta name=\"twitter:label1\" content=\"Tiempo de lectura\" \/>\n\t<meta name=\"twitter:data1\" content=\"1 minuto\" \/>\n<script type=\"application\/ld+json\" class=\"yoast-schema-graph\">{\"@context\":\"https:\\\/\\\/schema.org\",\"@graph\":[{\"@type\":\"WebPage\",\"@id\":\"https:\\\/\\\/firstclassforkliftacademy.com\\\/intoxalock\\\/\",\"url\":\"https:\\\/\\\/firstclassforkliftacademy.com\\\/intoxalock\\\/\",\"name\":\"Intoxalock - firstclassforkliftacademy\",\"isPartOf\":{\"@id\":\"https:\\\/\\\/firstclassforkliftacademy.com\\\/#website\"},\"primaryImageOfPage\":{\"@id\":\"https:\\\/\\\/firstclassforkliftacademy.com\\\/intoxalock\\\/#primaryimage\"},\"image\":{\"@id\":\"https:\\\/\\\/firstclassforkliftacademy.com\\\/intoxalock\\\/#primaryimage\"},\"thumbnailUrl\":\"https:\\\/\\\/firstclassforkliftacademy.com\\\/wp-content\\\/uploads\\\/2020\\\/09\\\/Ignition-Interlock-1.png\",\"datePublished\":\"2017-08-23T13:19:40+00:00\",\"dateModified\":\"2023-08-25T13:17:49+00:00\",\"breadcrumb\":{\"@id\":\"https:\\\/\\\/firstclassforkliftacademy.com\\\/intoxalock\\\/#breadcrumb\"},\"inLanguage\":\"es\",\"potentialAction\":[{\"@type\":\"ReadAction\",\"target\":[\"https:\\\/\\\/firstclassforkliftacademy.com\\\/intoxalock\\\/\"]}]},{\"@type\":\"ImageObject\",\"inLanguage\":\"es\",\"@id\":\"https:\\\/\\\/firstclassforkliftacademy.com\\\/intoxalock\\\/#primaryimage\",\"url\":\"https:\\\/\\\/firstclassforkliftacademy.com\\\/wp-content\\\/uploads\\\/2020\\\/09\\\/Ignition-Interlock-1.png\",\"contentUrl\":\"https:\\\/\\\/firstclassforkliftacademy.com\\\/wp-content\\\/uploads\\\/2020\\\/09\\\/Ignition-Interlock-1.png\"},{\"@type\":\"BreadcrumbList\",\"@id\":\"https:\\\/\\\/firstclassforkliftacademy.com\\\/intoxalock\\\/#breadcrumb\",\"itemListElement\":[{\"@type\":\"ListItem\",\"position\":1,\"name\":\"Home\",\"item\":\"https:\\\/\\\/firstclassforkliftacademy.com\\\/\"},{\"@type\":\"ListItem\",\"position\":2,\"name\":\"Intoxalock\"}]},{\"@type\":\"WebSite\",\"@id\":\"https:\\\/\\\/firstclassforkliftacademy.com\\\/#website\",\"url\":\"https:\\\/\\\/firstclassforkliftacademy.com\\\/\",\"name\":\"firstclassforkliftacademy\",\"description\":\"Forklift Training, Intoxalock, Title Services, Automotive Shop\",\"publisher\":{\"@id\":\"https:\\\/\\\/firstclassforkliftacademy.com\\\/#organization\"},\"potentialAction\":[{\"@type\":\"SearchAction\",\"target\":{\"@type\":\"EntryPoint\",\"urlTemplate\":\"https:\\\/\\\/firstclassforkliftacademy.com\\\/?s={search_term_string}\"},\"query-input\":{\"@type\":\"PropertyValueSpecification\",\"valueRequired\":true,\"valueName\":\"search_term_string\"}}],\"inLanguage\":\"es\"},{\"@type\":\"Organization\",\"@id\":\"https:\\\/\\\/firstclassforkliftacademy.com\\\/#organization\",\"name\":\"firstclassforkliftacademy\",\"url\":\"https:\\\/\\\/firstclassforkliftacademy.com\\\/\",\"logo\":{\"@type\":\"ImageObject\",\"inLanguage\":\"es\",\"@id\":\"https:\\\/\\\/firstclassforkliftacademy.com\\\/#\\\/schema\\\/logo\\\/image\\\/\",\"url\":\"https:\\\/\\\/firstclassforkliftacademy.com\\\/wp-content\\\/uploads\\\/2021\\\/06\\\/cropped-Brown-Logo-Adjust.png\",\"contentUrl\":\"https:\\\/\\\/firstclassforkliftacademy.com\\\/wp-content\\\/uploads\\\/2021\\\/06\\\/cropped-Brown-Logo-Adjust.png\",\"width\":643,\"height\":144,\"caption\":\"firstclassforkliftacademy\"},\"image\":{\"@id\":\"https:\\\/\\\/firstclassforkliftacademy.com\\\/#\\\/schema\\\/logo\\\/image\\\/\"}}]}<\/script>\n<!-- \/ Yoast SEO plugin. -->","yoast_head_json":{"title":"Intoxalock - firstclassforkliftacademy","robots":{"index":"index","follow":"follow","max-snippet":"max-snippet:-1","max-image-preview":"max-image-preview:large","max-video-preview":"max-video-preview:-1"},"canonical":"https:\/\/firstclassforkliftacademy.com\/es\/intoxalock\/","og_locale":"es_ES","og_type":"article","og_title":"Intoxalock - firstclassforkliftacademy","og_description":"WE ARE A STATE CERTIFIED SERVICE PROVIDER FOR IGNITION INTERLOCK Don&#8217;t let DUI \/ DWI take away your freedom to [&hellip;]","og_url":"https:\/\/firstclassforkliftacademy.com\/es\/intoxalock\/","og_site_name":"firstclassforkliftacademy","article_modified_time":"2023-08-25T13:17:49+00:00","og_image":[{"url":"https:\/\/firstclassforkliftacademy.com\/wp-content\/uploads\/2020\/09\/Ignition-Interlock-1.png","type":"","width":"","height":""}],"twitter_card":"summary_large_image","twitter_misc":{"Tiempo de lectura":"1 minuto"},"schema":{"@context":"https:\/\/schema.org","@graph":[{"@type":"WebPage","@id":"https:\/\/firstclassforkliftacademy.com\/intoxalock\/","url":"https:\/\/firstclassforkliftacademy.com\/intoxalock\/","name":"Intoxalock - firstclassforkliftacademy","isPartOf":{"@id":"https:\/\/firstclassforkliftacademy.com\/#website"},"primaryImageOfPage":{"@id":"https:\/\/firstclassforkliftacademy.com\/intoxalock\/#primaryimage"},"image":{"@id":"https:\/\/firstclassforkliftacademy.com\/intoxalock\/#primaryimage"},"thumbnailUrl":"https:\/\/firstclassforkliftacademy.com\/wp-content\/uploads\/2020\/09\/Ignition-Interlock-1.png","datePublished":"2017-08-23T13:19:40+00:00","dateModified":"2023-08-25T13:17:49+00:00","breadcrumb":{"@id":"https:\/\/firstclassforkliftacademy.com\/intoxalock\/#breadcrumb"},"inLanguage":"es","potentialAction":[{"@type":"ReadAction","target":["https:\/\/firstclassforkliftacademy.com\/intoxalock\/"]}]},{"@type":"ImageObject","inLanguage":"es","@id":"https:\/\/firstclassforkliftacademy.com\/intoxalock\/#primaryimage","url":"https:\/\/firstclassforkliftacademy.com\/wp-content\/uploads\/2020\/09\/Ignition-Interlock-1.png","contentUrl":"https:\/\/firstclassforkliftacademy.com\/wp-content\/uploads\/2020\/09\/Ignition-Interlock-1.png"},{"@type":"BreadcrumbList","@id":"https:\/\/firstclassforkliftacademy.com\/intoxalock\/#breadcrumb","itemListElement":[{"@type":"ListItem","position":1,"name":"Home","item":"https:\/\/firstclassforkliftacademy.com\/"},{"@type":"ListItem","position":2,"name":"Intoxalock"}]},{"@type":"WebSite","@id":"https:\/\/firstclassforkliftacademy.com\/#website","url":"https:\/\/firstclassforkliftacademy.com\/","name":"firstclassforkliftacademy","description":"Forklift Training, Intoxalock, Title Services, Automotive Shop","publisher":{"@id":"https:\/\/firstclassforkliftacademy.com\/#organization"},"potentialAction":[{"@type":"SearchAction","target":{"@type":"EntryPoint","urlTemplate":"https:\/\/firstclassforkliftacademy.com\/?s={search_term_string}"},"query-input":{"@type":"PropertyValueSpecification","valueRequired":true,"valueName":"search_term_string"}}],"inLanguage":"es"},{"@type":"Organization","@id":"https:\/\/firstclassforkliftacademy.com\/#organization","name":"firstclassforkliftacademy","url":"https:\/\/firstclassforkliftacademy.com\/","logo":{"@type":"ImageObject","inLanguage":"es","@id":"https:\/\/firstclassforkliftacademy.com\/#\/schema\/logo\/image\/","url":"https:\/\/firstclassforkliftacademy.com\/wp-content\/uploads\/2021\/06\/cropped-Brown-Logo-Adjust.png","contentUrl":"https:\/\/firstclassforkliftacademy.com\/wp-content\/uploads\/2021\/06\/cropped-Brown-Logo-Adjust.png","width":643,"height":144,"caption":"firstclassforkliftacademy"},"image":{"@id":"https:\/\/firstclassforkliftacademy.com\/#\/schema\/logo\/image\/"}}]}},"_links":{"self":[{"href":"https:\/\/firstclassforkliftacademy.com\/es\/wp-json\/wp\/v2\/pages\/23","targetHints":{"allow":["GET"]}}],"collection":[{"href":"https:\/\/firstclassforkliftacademy.com\/es\/wp-json\/wp\/v2\/pages"}],"about":[{"href":"https:\/\/firstclassforkliftacademy.com\/es\/wp-json\/wp\/v2\/types\/page"}],"author":[{"embeddable":true,"href":"https:\/\/firstclassforkliftacademy.com\/es\/wp-json\/wp\/v2\/users\/119"}],"replies":[{"embeddable":true,"href":"https:\/\/firstclassforkliftacademy.com\/es\/wp-json\/wp\/v2\/comments?post=23"}],"version-history":[{"count":31,"href":"https:\/\/firstclassforkliftacademy.com\/es\/wp-json\/wp\/v2\/pages\/23\/revisions"}],"predecessor-version":[{"id":2012,"href":"https:\/\/firstclassforkliftacademy.com\/es\/wp-json\/wp\/v2\/pages\/23\/revisions\/2012"}],"wp:attachment":[{"href":"https:\/\/firstclassforkliftacademy.com\/es\/wp-json\/wp\/v2\/media?parent=23"}],"curies":[{"name":"wp","href":"https:\/\/api.w.org\/{rel}","templated":true}]}}